{"id":852,"date":"2022-12-31T10:52:18","date_gmt":"2022-12-31T07:52:18","guid":{"rendered":"https:\/\/akyoluzaycelik.com\/?page_id=852"},"modified":"2023-12-21T14:03:52","modified_gmt":"2023-12-21T11:03:52","slug":"hizmetlerimiz","status":"publish","type":"page","link":"https:\/\/akyoluzaycelik.com\/kk\/hizmetlerimiz\/","title":{"rendered":"\u049a\u044b\u0437\u043c\u0435\u0442\u0442\u0435\u0440"},"content":{"rendered":"<div class=\"wpb-content-wrapper\"><div class=\"vc_row wpb_row top-row vc_custom_1672396591235 porto-inner-container\"><div class=\"porto-wrap-container container\"><div class=\"row\"><div class=\"vc_column_container col-md-12\"><div class=\"wpb_wrapper vc_column-inner\"><\/div><\/div><\/div><\/div><\/div><div class=\"vc_row wpb_row top-row bg-primary vc_custom_1640720800799 porto-inner-container\"><div class=\"porto-wrap-container container\"><div class=\"row align-items-center\"><div class=\"text-center text-lg-start mb-4 mb-lg-0 vc_column_container col-md-12 col-xl-7 col-lg-6\"><div class=\"wpb_wrapper vc_column-inner\"><h3 style=\"font-size: 15.4px;color: #ffffff;line-height: 1;font-weight:500\" class=\"vc_custom_heading ls-0 mb-2 mb-lg-2 text-center text-lg-start align-left\" >\u0416\u0435\u04a3\u0456\u043b \u0436\u04d9\u043d\u0435 \u0431\u0435\u0440\u0456\u043a<\/h3><h3 style=\"font-size: 32.2px;color: #ffffff;line-height: 1.3;font-weight:700;letter-spacing:-1.61px\" class=\"vc_custom_heading mb-1 text-center text-lg-start align-left\" >Akyol Space Roof Systems<\/h3><p style=\"font-size: 16.8px;color: rgba(255,255,255,0.7);line-height: 26px;font-weight:700\" class=\"vc_custom_heading mb-0 text-center text-lg-start align-left\" >\u0411\u0456\u0437\u0431\u0435\u043d \u049b\u0430\u0437\u0456\u0440 \u0445\u0430\u0431\u0430\u0440\u043b\u0430\u0441\u044b\u04a3\u044b\u0437, \u0441\u0456\u0437\u0433\u0435 \u043a\u04e9\u043c\u0435\u043a\u0442\u0435\u0441\u0435\u0439\u0456\u043a<\/p><\/div><\/div><div class=\"custom-flex vc_column_container col-md-12 col-xl-5 col-lg-6\"><div class=\"wpb_wrapper vc_column-inner\"><a class=\"porto-sicon-box-link\" href=\"tel:+90%20543%20103%2046%2043\"><div class=\"porto-sicon-box custom-view-more mb-3 mb-lg-0  wpb_custom_74c312c6382c672d88415152636ca045 style_1 default-icon\"><div class=\"porto-sicon-default\"><div class=\"porto-just-icon-wrapper porto-icon none\" style=\"color:#ffffff;font-size:28.8px;margin-right:0px;\"><i class=\"Simple-Line-Icons-phone\"><\/i><\/div><\/div><div class=\"porto-sicon-header\"><h5 class=\"porto-sicon-title\" style=\"font-weight:600;font-size:11.2px;line-height:13.44px;margin-bottom:4px;\">\u0422\u0415\u041b\u0415\u0424\u041e\u041d<\/h5><p style=\"font-weight:700;font-size:18.9px;line-height:1.2;color:#ffffff;\">+90 543 103 46 43<\/p><\/div> <!-- header --><\/div><!-- porto-sicon-box --><\/a><div class=\"vc_btn3-container  mb-0 vc_btn3-left\" >\r\n\t<a class=\"vc_btn3 vc_btn3-shape-rounded btn-borders  wpb_custom_6687b26f39488ddbb85ddb3c1ce8e111 btn btn-md btn-light\" style=\"font-size:0.8rem; font-weight:700; padding:1.282rem 2.4rem;\" href=\"https:\/\/akyoluzaycelik.com\/kk\/iletisim\/\" title=\"Appointment\">\u0411\u0410\u0419\u041b\u0410\u041d\u042b\u0421<\/a>\t<\/div>\r\n<\/div><\/div><\/div><\/div><\/div>\n<\/div>","protected":false},"excerpt":{"rendered":"Hafif ve Dayan\u0131kl\u0131Akyol Uzay \u00c7at\u0131 SistemleriHemen Bize Ula\u015f\u0131n Size Yard\u0131mc\u0131 Olal\u0131mB\u0130ZE ULA\u015eIN+90 543 103 46 43 \u0130LET\u0130\u015e\u0130M","protected":false},"author":1,"featured_media":0,"parent":0,"menu_order":0,"comment_status":"closed","ping_status":"closed","template":"","meta":{"pgc_sgb_lightbox_settings":"","footnotes":""},"class_list":["post-852","page","type-page","status-publish","hentry"],"_links":{"self":[{"href":"https:\/\/akyoluzaycelik.com\/kk\/wp-json\/wp\/v2\/pages\/852","targetHints":{"allow":["GET"]}}],"collection":[{"href":"https:\/\/akyoluzaycelik.com\/kk\/wp-json\/wp\/v2\/pages"}],"about":[{"href":"https:\/\/akyoluzaycelik.com\/kk\/wp-json\/wp\/v2\/types\/page"}],"author":[{"embeddable":true,"href":"https:\/\/akyoluzaycelik.com\/kk\/wp-json\/wp\/v2\/users\/1"}],"replies":[{"embeddable":true,"href":"https:\/\/akyoluzaycelik.com\/kk\/wp-json\/wp\/v2\/comments?post=852"}],"version-history":[{"count":4,"href":"https:\/\/akyoluzaycelik.com\/kk\/wp-json\/wp\/v2\/pages\/852\/revisions"}],"predecessor-version":[{"id":1750,"href":"https:\/\/akyoluzaycelik.com\/kk\/wp-json\/wp\/v2\/pages\/852\/revisions\/1750"}],"wp:attachment":[{"href":"https:\/\/akyoluzaycelik.com\/kk\/wp-json\/wp\/v2\/media?parent=852"}],"curies":[{"name":"wp","href":"https:\/\/api.w.org\/{rel}","templated":true}]}}