{"id":26,"date":"2020-12-25T15:00:25","date_gmt":"2020-12-25T15:00:25","guid":{"rendered":"http:\/\/sw-themes.com\/porto_dummy\/?page_id=26"},"modified":"2024-11-18T14:38:31","modified_gmt":"2024-11-18T11:38:31","slug":"iletisim","status":"publish","type":"page","link":"https:\/\/akyoluzaycelik.com\/kk\/iletisim\/","title":{"rendered":"\u0411\u0430\u0439\u043b\u0430\u043d\u044b\u0441"},"content":{"rendered":"<div class=\"wpb-content-wrapper\"><div class=\"vc_row wpb_row top-row vc_custom_1674890929070 porto-inner-container\"><div class=\"porto-wrap-container container\"><div class=\"row\"><div class=\"vc_column_container col-md-6 vc_custom_1674890790424\"><div class=\"wpb_wrapper vc_column-inner\"><div class=\"porto-sicon-box custom-phone me-adresicon  wpb_custom_1efe903570d178ff0a9b7bfa5febd3a4 style_1 default-icon\"><div class=\"porto-sicon-default\"><div class=\"porto-just-icon-wrapper porto-icon none\" style=\"color:#212529;font-size:16.8px;margin-right:8px;\"><i class=\"Simple-Line-Icons-location-pin\"><\/i><\/div><\/div><div class=\"porto-sicon-header\"><p style=\"font-weight:700;font-size:16.8px;line-height:24px;color:#212529;\">\u041a\u0435\u04a3\u0441\u0435: Kiltepe Mah. Tutlu Sokak No:6\/1B Ye\u015filyurt\/Malatya<\/p><\/div> <!-- header --><\/div><!-- porto-sicon-box --><div class=\"porto-sicon-box custom-phone me-adresicon  wpb_custom_1efe903570d178ff0a9b7bfa5febd3a4 style_1 default-icon\"><div class=\"porto-sicon-default\"><div class=\"porto-just-icon-wrapper porto-icon none\" style=\"color:#212529;font-size:16.8px;margin-right:8px;\"><i class=\"Simple-Line-Icons-location-pin\"><\/i><\/div><\/div><div class=\"porto-sicon-header\"><p style=\"font-weight:700;font-size:16.8px;line-height:24px;color:#212529;\">\u04e8\u043d\u0434\u0456\u0440\u0456\u0441 \u043c\u0435\u043a\u0435\u043d\u0436\u0430\u0439\u044b: Yak\u0131nca Mah. \u00d6zsan Sanayi Sitesi Cad. No: 6 \u0130\u00e7 Kap\u0131 No: 26 Ye\u015filyurt\/Malatya<\/p><\/div> <!-- header --><\/div><!-- porto-sicon-box --><a class=\"porto-sicon-box-link\" href=\"tel:+90%20532%20772%2044%2008\"><div class=\"porto-sicon-box custom-phone  wpb_custom_1efe903570d178ff0a9b7bfa5febd3a4 style_1 default-icon\"><div class=\"porto-sicon-default\"><div class=\"porto-just-icon-wrapper porto-icon none\" style=\"color:#212529;font-size:16.8px;margin-right:8px;\"><i class=\"Simple-Line-Icons-phone\"><\/i><\/div><\/div><div class=\"porto-sicon-header\"><p style=\"font-weight:700;font-size:16.8px;line-height:24px;color:#212529;\">Telefon 1: +90 532 772 44 08<\/p><\/div> <!-- header --><\/div><!-- porto-sicon-box --><\/a><a class=\"porto-sicon-box-link\" href=\"tel:+90%20543%20103%2046%2043\"><div class=\"porto-sicon-box custom-phone  wpb_custom_1efe903570d178ff0a9b7bfa5febd3a4 style_1 default-icon\"><div class=\"porto-sicon-default\"><div class=\"porto-just-icon-wrapper porto-icon none\" style=\"color:#212529;font-size:16.8px;margin-right:8px;\"><i class=\"Simple-Line-Icons-phone\"><\/i><\/div><\/div><div class=\"porto-sicon-header\"><p style=\"font-weight:700;font-size:16.8px;line-height:24px;color:#212529;\">Telefon 2: +90 543 103 46 43<\/p><\/div> <!-- header --><\/div><!-- porto-sicon-box --><\/a><a class=\"porto-sicon-box-link\" href=\"tel:+90%20422%20238%2012%2022\"><div class=\"porto-sicon-box custom-phone  wpb_custom_1efe903570d178ff0a9b7bfa5febd3a4 style_1 default-icon\"><div class=\"porto-sicon-default\"><div class=\"porto-just-icon-wrapper porto-icon none\" style=\"color:#212529;font-size:16.8px;margin-right:8px;\"><i class=\"Simple-Line-Icons-phone\"><\/i><\/div><\/div><div class=\"porto-sicon-header\"><p style=\"font-weight:700;font-size:16.8px;line-height:24px;color:#212529;\">Telefon 3: +90 422 238 12 22<\/p><\/div> <!-- header --><\/div><!-- porto-sicon-box --><\/a><a class=\"porto-sicon-box-link\" href=\"mailto:akyoluzay@gmail.com\"><div class=\"porto-sicon-box custom-phone mb-2  wpb_custom_1efe903570d178ff0a9b7bfa5febd3a4 style_1 default-icon\"><div class=\"porto-sicon-default\"><div class=\"porto-just-icon-wrapper porto-icon none\" style=\"color:#212529;font-size:16.8px;margin-right:8px;\"><i class=\"Simple-Line-Icons-envelope\"><\/i><\/div><\/div><div class=\"porto-sicon-header\"><p style=\"font-weight:700;font-size:16.8px;line-height:24px;color:#212529;\">\u041f\u043e\u0448\u0442\u0430: akyoluzay@gmail.com<\/p><\/div> <!-- header --><\/div><!-- porto-sicon-box --><\/a><a class=\"porto-sicon-box-link\" href=\"mailto:info@akyoluzay.com.tr\"><div class=\"porto-sicon-box custom-phone pt-3 mb-2  wpb_custom_1efe903570d178ff0a9b7bfa5febd3a4 style_1 default-icon\"><div class=\"porto-sicon-default\"><div class=\"porto-just-icon-wrapper porto-icon none\" style=\"color:#212529;font-size:16.8px;margin-right:8px;\"><i class=\"Simple-Line-Icons-envelope\"><\/i><\/div><\/div><div class=\"porto-sicon-header\"><p style=\"font-weight:700;font-size:16.8px;line-height:24px;color:#212529;\">\u041f\u043e\u0448\u0442\u0430: info@akyoluzay.com.tr<\/p><\/div> <!-- header --><\/div><!-- porto-sicon-box --><\/a><p  class=\"vc_custom_heading m-b-sm p-b-xs vc_custom_1672408406603 align-left\" >\u0411\u0456\u0437 \u0441\u0456\u0437\u0433\u0435 \u043a\u04d9\u0441\u0456\u0431\u0438 \u043a\u043e\u043c\u0430\u043d\u0434\u0430\u043c\u044b\u0437\u0431\u0435\u043d \u0436\u04d9\u043d\u0435 \u0431\u0430\u0440\u043b\u044b\u049b \u0431\u0430\u0439\u043b\u0430\u043d\u044b\u0441 \u043e\u043f\u0446\u0438\u044f\u043b\u0430\u0440\u044b\u043c\u0435\u043d \u0442\u04d9\u0443\u043b\u0456\u043a \u0431\u043e\u0439\u044b \u043a\u04e9\u043c\u0435\u043a\u0442\u0435\u0441\u0443\u0433\u0435 \u0434\u0430\u0439\u044b\u043d\u0431\u044b\u0437. \u049a\u0430\u043d\u0434\u0430\u0439 \u0434\u0430 \u0431\u0456\u0440 \u043c\u04d9\u0441\u0435\u043b\u0435 \u0442\u0443\u044b\u043d\u0434\u0430\u0493\u0430\u043d \u0436\u0430\u0493\u0434\u0430\u0439\u0434\u0430 \u043d\u0435\u043c\u0435\u0441\u0435 \u0430\u049b\u043f\u0430\u0440\u0430\u0442 \u0430\u043b\u0493\u044b\u04a3\u044b\u0437 \u043a\u0435\u043b\u0441\u0435, \u0431\u0456\u0437\u0433\u0435 \u0445\u0430\u0431\u0430\u0440\u043b\u0430\u0441\u0443\u0434\u0430\u043d \u0442\u0430\u0440\u0442\u044b\u043d\u0431\u0430\u04a3\u044b\u0437.<\/p><\/div><\/div><div class=\"vc_column_container col-md-6\"><div class=\"wpb_wrapper vc_column-inner\"><div class=\"vc_empty_space\"   style=\"height: 20px\"><span class=\"vc_empty_space_inner\"><\/span><\/div><div class=\"wpb_custom_cc82b6021c272ebcafb07623fccbe92a\">\n<div class=\"wpcf7 no-js\" id=\"wpcf7-f439-o1\" lang=\"en-US\" dir=\"ltr\" data-wpcf7-id=\"439\">\n<div class=\"screen-reader-response\"><p role=\"status\" aria-live=\"polite\" aria-atomic=\"true\"><\/p> <ul><\/ul><\/div>\n<form action=\"\/kk\/wp-json\/wp\/v2\/pages\/26#wpcf7-f439-o1\" method=\"post\" class=\"wpcf7-form init\" aria-label=\"Contact form\" novalidate=\"novalidate\" data-status=\"init\" data-trp-original-action=\"\/kk\/wp-json\/wp\/v2\/pages\/26#wpcf7-f439-o1\">\n<fieldset class=\"hidden-fields-container\"><input type=\"hidden\" name=\"_wpcf7\" value=\"439\" \/><input type=\"hidden\" name=\"_wpcf7_version\" value=\"6.1.1\" \/><input type=\"hidden\" name=\"_wpcf7_locale\" value=\"en_US\" \/><input type=\"hidden\" name=\"_wpcf7_unit_tag\" value=\"wpcf7-f439-o1\" \/><input type=\"hidden\" name=\"_wpcf7_container_post\" value=\"0\" \/><input type=\"hidden\" name=\"_wpcf7_posted_data_hash\" value=\"\" \/>\n<\/fieldset>\n<div class=\"form-row row-gutter-sm\">\n\t<div class=\"form-group col mb-3\">\n\t\t<p><span class=\"wpcf7-form-control-wrap\" data-name=\"text-45\"><input size=\"40\" maxlength=\"400\" class=\"wpcf7-form-control wpcf7-text wpcf7-validates-as-required form-control\" id=\"name\" aria-required=\"true\" aria-invalid=\"false\" placeholder=\"\u0410\u0442\u044b\" value=\"\" type=\"text\" name=\"text-45\" \/><\/span>\n\t\t<\/p>\n\t<\/div>\n<\/div>\n<div class=\"form-row row-gutter-sm\">\n\t<div class=\"form-group col mb-3\">\n\t\t<p><span class=\"wpcf7-form-control-wrap\" data-name=\"email-252\"><input size=\"40\" maxlength=\"400\" class=\"wpcf7-form-control wpcf7-email wpcf7-validates-as-required wpcf7-text wpcf7-validates-as-email form-control\" id=\"email\" aria-required=\"true\" aria-invalid=\"false\" placeholder=\"\u042d\u043b\u0435\u043a\u0442\u0440\u043e\u043d\u0434\u044b\u049b \u043f\u043e\u0448\u0442\u0430\" value=\"\" type=\"email\" name=\"email-252\" \/><\/span>\n\t\t<\/p>\n\t<\/div>\n<\/div>\n<div class=\"form-row\">\n\t<div class=\"form-group col mb-3\">\n\t\t<p><span class=\"wpcf7-form-control-wrap\" data-name=\"textarea-307\"><textarea cols=\"40\" rows=\"10\" maxlength=\"2000\" class=\"wpcf7-form-control wpcf7-textarea wpcf7-validates-as-required form-control\" id=\"message\" aria-required=\"true\" aria-invalid=\"false\" placeholder=\"C\u0435\u043d\u0456\u04a3 \u0445\u0430\u0442\u044b\u04a3\" name=\"textarea-307\"><\/textarea><\/span>\n\t\t<\/p>\n\t<\/div>\n<\/div>\n<div class=\"form-row\">\n\t<div class=\"form-group col mb-0\">\n\t\t<div class=\"vc_btn3-container  custom-btn-arrow mb-0 vc_btn3-inline\">\n\t\t\t<p><button class=\"vc_btn3 vc_btn3-shape-rounded vc_btn3-icon-right font-weight-bold btn btn-md btn-primary font-size-md py-3 px-5\">\u0416\u0406\u0411\u0415\u0420\u0423<i class=\"vc_btn3-icon fas fa-long-arrow-alt-right\"><\/i><\/button>\n\t\t\t<\/p>\n\t\t<\/div>\n\t<\/div>\n<\/div><div class=\"wpcf7-response-output\" aria-hidden=\"true\"><\/div>\n<input type=\"hidden\" name=\"trp-form-language\" value=\"kk\"\/><\/form>\n<\/div>\n<\/div><\/div><\/div><\/div><\/div><\/div><div class=\"vc_row wpb_row top-row vc_custom_1674890831067 porto-inner-container\"><div class=\"porto-wrap-container container\"><div class=\"row\"><div class=\"vc_column_container col-md-6\"><div class=\"wpb_wrapper vc_column-inner\"><h2  class=\"vc_custom_heading vc_custom_1674890868677 align-left\" >\u041a\u0435\u04a3\u0441\u0435 \u043c\u0435\u043a\u0435\u043d\u0436\u0430\u0439\u044b<\/h2>\n\t<div class=\"wpb_raw_code wpb_content_element wpb_raw_html vc_custom_1674890988547\" >\n\t\t<div class=\"wpb_wrapper\">\n\t\t\t<iframe src=\"https:\/\/www.google.com\/maps\/embed?pb=!1m13!1m8!1m3!1d6256.723685801541!2d38.29255525662235!3d38.3637499812344!3m2!1i1024!2i768!4f13.1!3m2!1m1!2zMzjCsDIxJzQ5LjgiTiAzOMKwMTcnMzkuNiJF!5e0!3m2!1str!2str!4v1674890961471!5m2!1str!2str\" width=\"100%\" height=\"450\" style=\"border:0;\" allowfullscreen=\"\" loading=\"lazy\" referrerpolicy=\"no-referrer-when-downgrade\"><\/iframe>\n\t\t<\/div>\n\t<\/div>\n<\/div><\/div><div class=\"vc_column_container col-md-6\"><div class=\"wpb_wrapper vc_column-inner\"><h2  class=\"vc_custom_heading vc_custom_1674890882535 align-left\" >\u04e8\u043d\u0434\u0456\u0440\u0456\u0441 \u043c\u0435\u043a\u0435\u043d\u0436\u0430\u0439\u044b<\/h2>\n\t<div class=\"wpb_raw_code wpb_content_element wpb_raw_html vc_custom_1674890993694\" >\n\t\t<div class=\"wpb_wrapper\">\n\t\t\t<iframe src=\"https:\/\/www.google.com\/maps\/embed?pb=!1m14!1m8!1m3!1d4425.918799917669!2d38.22234759856701!3d38.33515764368093!3m2!1i1024!2i768!4f13.1!3m3!1m2!1s0x0%3A0x340276b46fb70731!2sAkyol%20Uzay%20%C3%87elik!5e0!3m2!1str!2str!4v1672407783652!5m2!1str!2str\" width=\"100%\" height=\"450\" style=\"border:0;\" allowfullscreen=\"\" loading=\"lazy\" referrerpolicy=\"no-referrer-when-downgrade\"><\/iframe>\n\t\t<\/div>\n\t<\/div>\n<\/div><\/div><\/div><\/div><\/div>\n<\/div>","protected":false},"excerpt":{"rendered":"Ofis: Kiltepe Mah. Tutlu Sokak No:6\/1B Ye\u015filyurt\/Malatya \u0130malat Adres: Yak\u0131nca Mah. \u00d6zsan Sanayi Sitesi Cad. No: 6 \u0130\u00e7 Kap\u0131 No: 26 Ye\u015filyurt\/Malatya Telefon 1: +90 532 772 44 08 Telefon 2: +90 543 103 46 43 Telefon 3: +90 422 238 12 22 E posta: akyoluzay@gmail.com E posta: info@akyoluzay.com.tr Size yard\u0131mc\u0131 olabilmek i\u00e7in profesyonel ekibimiz [...]","protected":false},"author":1,"featured_media":0,"parent":0,"menu_order":0,"comment_status":"closed","ping_status":"closed","template":"","meta":{"pgc_sgb_lightbox_settings":"","footnotes":""},"class_list":["post-26","page","type-page","status-publish","hentry"],"_links":{"self":[{"href":"https:\/\/akyoluzaycelik.com\/kk\/wp-json\/wp\/v2\/pages\/26","targetHints":{"allow":["GET"]}}],"collection":[{"href":"https:\/\/akyoluzaycelik.com\/kk\/wp-json\/wp\/v2\/pages"}],"about":[{"href":"https:\/\/akyoluzaycelik.com\/kk\/wp-json\/wp\/v2\/types\/page"}],"author":[{"embeddable":true,"href":"https:\/\/akyoluzaycelik.com\/kk\/wp-json\/wp\/v2\/users\/1"}],"replies":[{"embeddable":true,"href":"https:\/\/akyoluzaycelik.com\/kk\/wp-json\/wp\/v2\/comments?post=26"}],"version-history":[{"count":29,"href":"https:\/\/akyoluzaycelik.com\/kk\/wp-json\/wp\/v2\/pages\/26\/revisions"}],"predecessor-version":[{"id":1792,"href":"https:\/\/akyoluzaycelik.com\/kk\/wp-json\/wp\/v2\/pages\/26\/revisions\/1792"}],"wp:attachment":[{"href":"https:\/\/akyoluzaycelik.com\/kk\/wp-json\/wp\/v2\/media?parent=26"}],"curies":[{"name":"wp","href":"https:\/\/api.w.org\/{rel}","templated":true}]}}